{"id":16461,"date":"2019-02-02T15:33:42","date_gmt":"2019-02-02T15:33:42","guid":{"rendered":"http:\/\/xn--vernderung-it-dfb.de\/?page_id=16461"},"modified":"2019-02-07T08:13:39","modified_gmt":"2019-02-07T08:13:39","slug":"referenzen-2","status":"publish","type":"page","link":"https:\/\/vimt.de\/en\/referenzen-2\/","title":{"rendered":"Referenzen (Auswahl)"},"content":{"rendered":"<p>[vc_row css_animation=&#8221;&#8221; row_type=&#8221;row&#8221; use_row_as_full_screen_section=&#8221;no&#8221; type=&#8221;grid&#8221; angled_section=&#8221;no&#8221; text_align=&#8221;left&#8221; background_image_as_pattern=&#8221;without_pattern&#8221; z_index=&#8221;&#8221; css=&#8221;.vc_custom_1549527185908{margin-top: 100px !important;}&#8221;][vc_column][vc_column_text]<\/p>\n<h2>Referenzen (Auswahl)<\/h2>\n<p><span style=\"color: #993300;\">\u25a0 <\/span><strong>A. Produzierende Industrie<\/strong> Ver\u00e4nderungsprozess F\u00fchrungs-Organisation, Strategieberatung Gesch\u00e4ftsleitung<\/p>\n<p><span style=\"color: #993300;\">\u25a0<\/span> <strong>A. IT-Consulting:<\/strong> Ver\u00e4nderungsprozesse der Gesamtorganisation, Zielkl\u00e4rung im Senior Management, j\u00e4hrliches Review und Standortbestimmung, F\u00fchrungstrainings, Projekt- und Zeitmanagement<\/p>\n<p><span style=\"color: #993300;\">\u25a0<\/span> <strong>A. Beteiligungsgesellschaft mbH:<\/strong> Ver\u00e4nderungsprozess Organisation<\/p>\n<p><span style=\"color: #993300;\">\u25a0<\/span> <strong>A. Healthcareunternehmen:<\/strong> Evaluation, Konzeption und Durchf\u00fchrung einer mehrj\u00e4hrigen Qualifizierungsreihe zu Moderation, Verhandlung, Pr\u00e4sentation, Strategie- und Organisationsberatung, Schnittstellenkl\u00e4rung, Stellenzuschnitt und Individualunterst\u00fctzung der F\u00fchrungskr\u00e4fte \u201eMedical Affairs\u201c. Erarbeitung von Tools zur Unterst\u00fctzung der Au\u00dfendienstarbeit. Qualifizierungsreihe: Projektmanagement im Healthcare-Bereich. Unterst\u00fctzung in der Einf\u00fchrung von Value-Dossiers. Aufbau einer organisatorischen Einheit zur Launch-Unterst\u00fctzung, Coaching<\/p>\n<p><span style=\"color: #993300;\">\u25a0<\/span> <strong>A. Ingenieurb\u00fcro GmbH:<\/strong> Ver\u00e4nderungsprozess Organisation, Coaching<\/p>\n<p><span style=\"color: #993300;\">\u25a0<\/span> <strong>A. Lebensmittel AG<\/strong>: Konzeption und Einf\u00fchrung eines Zielvereinbarungssystems (Vorstand, Gesch\u00e4ftsf\u00fchrung, F\u00fchrungsebenen), Entwicklung von Unternehmensleitlinien, Projekt &#8220;F\u00fchrung und Zusammenarbeit&#8221;<\/p>\n<p><span style=\"color: #993300;\">\u25a0<\/span> <strong>B. Healthcareunternehmen:<\/strong> Qualifizierung von Moderatoren wissenschaftlicher Expertenrunden. Beratung im strategischen Marketing. Organisationsentwicklung medizinischer Au\u00dfendienst\/Marketing. Schnittstellenkl\u00e4rung, Coaching.<\/p>\n<p><span style=\"color: #993300;\">\u25a0<\/span> <strong>C. Healthcareunternehmen:<\/strong> Verschiedene Ver\u00e4nderungsprozesse und Prozesse zum Akzeptanzmanagement. Unterst\u00fctzung der Au\u00dfendienstorganisation. Aufbau von organisatorischen Strukturen innerhalb von Medical. Schnittstellenkl\u00e4rung innerhalb der Affiliate. Projektleitung im Bereich Value Dossiers. Moderation der Zusammenarbeit zwischen Globals\/International\/Affiliate, Coaching. Qualifizierungsreihe Mehrwertprojekte, Multiprojektmanagement in der Business Unit.<\/p>\n<p><span style=\"color: #993300;\">\u25a0<\/span> <strong>C. Kosmetik:<\/strong> Konzeption und Durchf\u00fchrung einer Ver\u00e4nderungs-Architektur. Verschiedene Qualifizierungsma\u00dfnahmen. Organisationsentwicklung ausgew\u00e4hlter Bereiche und Brandhouses.<\/p>\n<p><span style=\"color: #993300;\">\u25a0<\/span> <strong>D. Telekommunikationsdienstleister:<\/strong> Bereichsentwicklungsma\u00dfnahmen<\/p>\n<p><span style=\"color: #993300;\">\u25a0<\/span> <strong>E. Energieversorger AG: <\/strong>Ver\u00e4nderungsprozess des Systemhauses, Individualunterst\u00fctzung der mittleren IT-F\u00fchrungsebene, Entwicklung der IT-Vertriebskompetenz<\/p>\n<p><span style=\"color: #993300;\">\u25a0<\/span> <strong>G. Healthcareunternehmen:<\/strong> Situationskl\u00e4rung und Begleitung der Fusion der IT-Standorte Hamburg und M\u00fcnchen. Ausbildung MSL in den Themenbereichen Moderation \/ Pr\u00e4sentation \/ Vertrauensaufbau im direkten Kundengespr\u00e4ch.<\/p>\n<p><span style=\"color: #993300;\">\u25a0<\/span> <strong>G. Verlagshaus:<\/strong> Ver\u00e4nderungsprozess Organisation<\/p>\n<p><span style=\"color: #993300;\">\u25a0<\/span> <strong>G. Healthcareunternehmen:<\/strong> Wissensbausteine agiles Projektmanagement, Zeitmanagement<\/p>\n<p><span style=\"color: #993300;\">\u25a0<\/span> <strong>H. Healthcareunternehmen:<\/strong> Organisationsentwicklung im medizinischen Bereich. Schnittstellenkl\u00e4rung und Design der Aufbauorganisation, Wissensbausteine Moderation\/Pr\u00e4sentation, Moderation Strategieworkshops, strategische Unterst\u00fctzung, Coaching<\/p>\n<p><span style=\"color: #993300;\">\u25a0<\/span> <strong>I<\/strong>. <strong>Institut<\/strong>: Entwicklung PM-Tools &amp; L\u00f6sungen, Keynote zum Thema Chancen, Risiken und Nebenwirkungen von Projektmanagement.<\/p>\n<p><span style=\"color: #993300;\">\u25a0<\/span> <strong>K. Bundesvereinigung: <\/strong>Ver\u00e4nderungsprozess Organisation<\/p>\n<p><span style=\"color: #993300;\">\u25a0<\/span> <strong>K. Bankengruppe:<\/strong> Entwicklung und Etablierung von \u201eGrunds\u00e4tzen zur F\u00fchrung und Zusammenarbeit\u201c, Konzeption und Einf\u00fchrung einer internen Potenzialeinsch\u00e4tzung und -entwicklung f\u00fcr zuk\u00fcnftige F\u00fchrungskr\u00e4fte im Hause, Assessmentcenter, Einzelgutachten, Etablierung von Mitarbeiter-Jahresgespr\u00e4chen, Konzeption und Einf\u00fchrung einer internen Ausbilder-Qualifizierung an drei Firmenstandorten<\/p>\n<p><span style=\"color: #993300;\">\u25a0<\/span> <strong>K.<\/strong> <strong>Kliniken und \u00c4rzte<\/strong>: Karriereberatung im Gesundheitsbereich, Prozessoptimierung in Arztpraxen und auf Stationen<\/p>\n<p><span style=\"color: #993300;\">\u25a0<\/span> <strong>L.<\/strong> <strong>Landesbetrieb:<\/strong> Begleitung und Moderation der SAP-Einf\u00fchrung (R\/3)<\/p>\n<p><span style=\"color: #993300;\">\u25a0<\/span> <strong>L. Landschaftsverband:<\/strong> Begleitung und Moderation der SAP-Einf\u00fchrung (R\/3)<\/p>\n<p><span style=\"color: #993300;\">\u25a0<\/span> <strong>L. Consulting GmbH:<\/strong> Ver\u00e4nderungsprozess der Gesamtorganisation, Entwicklung der Vertriebskompetenz, Strategieberatung und Individualunterst\u00fctzung<\/p>\n<p><span style=\"color: #993300;\">\u25a0<\/span> <strong>L. Healthcareunternehmen: <\/strong>Entwicklung eines regionalen Pilotprojektes zur Optimierung einer Versorgungsstruktur unter Einbeziehung von Uniklinik, ambulanten \u00c4rzten, Ministerium, Selbsthilfegruppen, Krankenkasse und KV<\/p>\n<p><span style=\"color: #993300;\">\u25a0<\/span> <strong>L. Aerospace AG:<\/strong> Moderation von cross-funktionalen Workshops zur Verbesserung der Mitarbeiter-Performance im Kundenumgang beim Boden- und Flugpersonal, Entwicklung von Service-Leitlinien, Einf\u00fchrung und Akzeptanzmanagement<\/p>\n<p><span style=\"color: #993300;\">\u25a0<\/span> <strong>L. Landschaftsverband:<\/strong> Kundenbefragung, Ver\u00e4nderungsprozess der IT-Service-Matrix, Umsetzungsbegleitung und Zielerfolgskontrolle. Evaluation und Durchf\u00fchrung eines Akzeptanzmanagement-Prozesses, Moderation der Umsetzung. BHP-Projekt Klinische Behandlungspfade, Anliegenkl\u00e4rung, Evaluation und Moderation. Ver\u00e4nderungsprozess des internen Systemhauses (Dienstleistungsorientierung, Rollenklarheit), Ver\u00e4nderungsprozess der IT-Infrastruktur, Aufbau eines Service-Centers, Individualunterst\u00fctzung, Evaluation und Workshop zur Rollenkl\u00e4rung und Aufgabenklarheit im Medienzentrum<\/p>\n<p><span style=\"color: #993300;\">\u25a0<\/span> <strong>M. Nahrungsmittel GmbH: <\/strong>Anliegenkl\u00e4rung, Konzeption und Durchf\u00fchrung einer Qualifizierungsreihe zum Thema Change-Management f\u00fcr Au\u00dfendienst und Au\u00dfendienstleitung<\/p>\n<p><span style=\"color: #993300;\">\u25a0<\/span> <strong>M.<\/strong> <strong>Healthcareunternehmen: <\/strong>Ausbildung Moderation, Pr\u00e4sentation<\/p>\n<p><span style=\"color: #993300;\">\u25a0<\/span> <strong>P. Finanzdienstleister AG:<\/strong> Standortbestimmung, Organisations\u00acuntersuchung, Strategieworkshops und Erarbeitung einer Unternehmensleitlinie mit den Vorst\u00e4nden, Ver\u00e4nderungsprozess der Verm\u00f6gensberatung<\/p>\n<p><span style=\"color: #993300;\">\u25a0<\/span> <strong>R. IT-Dienstleister GmbH:<\/strong> Dreij\u00e4hrige Qualifizierungsreihe mit der Gesamtbelegschaft zu den Themen Kommunikation, Eigenverantwortlichkeit, Organisation, Mediation und Zeitmanagement<\/p>\n<p><span style=\"color: #993300;\">\u25a0<\/span> <strong>S. Healthcareunternehmen: <\/strong>Coaching und strategische Beratung<\/p>\n<p><span style=\"color: #993300;\">\u25a0<\/span> <strong>S. Produzierende Industrie:<\/strong> Ver\u00e4nderungsprozess der Gesch\u00e4ftsf\u00fchrung und der n\u00e4chsten Berichtsebene, Strategie- und Organisationsberatung, Gestaltung der Vertriebsorganisation<\/p>\n<p><span style=\"color: #993300;\">\u25a0<\/span> <strong>S.<\/strong> <strong>IT-Dienstleister GmbH: <\/strong>Ver\u00e4nderungsprozess, Vertriebsstrategie und Coaching der F\u00fchrungskr\u00e4fte, Gestaltung Kundentag<\/p>\n<p><strong><span style=\"color: #993300;\">\u25a0<\/span> T. Telekommunikationsunternehmen: <\/strong>Evaluation Gesch\u00e4ftsprozessmodell des internen IT-Dienstleisters, Kl\u00e4rungsprozesse, Ver\u00e4nderungsprozess-Architektur und \u2013Durchf\u00fchrung. Entwicklung und Einf\u00fchrung einer neuen Aufbauorganisation. Mediation und Gruppencoaching F\u00fchrungskraft\/Organisatorische Einheit, Mitgestaltung und Moderation eines Konzernver\u00e4nderungsprozesses. Workshops, Konzeption, Moderation. Rollenkl\u00e4rung und Moderation Multiplikatoren-Konzept<\/p>\n<p><strong><span style=\"color: #993300;\">\u25a0<\/span> T. Telekommunikations-IT-Dienstleister: <\/strong>F\u00fchrungscoaching, F\u00fchrungszirkel, Personalentwicklung<\/p>\n<p><strong><span style=\"color: #993300;\">\u25a0<\/span> V<\/strong><strong>.<\/strong> <strong>IT-Dienstleister GmbH: <\/strong>Standortbestimmung der Gesch\u00e4ftsf\u00fchrung, Individualunterst\u00fctzung Gesch\u00e4ftsf\u00fchrung und Gruppenleitung<\/p>\n<p><strong><span style=\"color: #993300;\">\u25a0<\/span> V. Bank e.G.:<\/strong> Standortbestimmung Unternehmenskultur, F\u00fchrung Kommunikation, Organisation, Ver\u00e4nderungsbereitschaft, Identifikation<\/p>\n<p><strong><span style=\"color: #993300;\">\u25a0<\/span> W. Bank AG: <\/strong>Coaching Projektleiter, Beratung\/Gestaltung Projekthandbuch<\/p>\n<p>[\/vc_column_text][vc_empty_space height=&#8221;62px&#8221;][\/vc_column][\/vc_row]<\/p>\n","protected":false},"excerpt":{"rendered":"<p>[vc_row css_animation=&#8221;&#8221; row_type=&#8221;row&#8221; use_row_as_full_screen_section=&#8221;no&#8221; type=&#8221;grid&#8221; angled_section=&#8221;no&#8221; text_align=&#8221;left&#8221; background_image_as_pattern=&#8221;without_pattern&#8221; z_index=&#8221;&#8221; css=&#8221;.vc_custom_1549527185908{margin-top: 100px !important;}&#8221;][vc_column][vc_column_text] Referenzen (Auswahl) \u25a0 A. Produzierende Industrie Ver\u00e4nderungsprozess F\u00fchrungs-Organisation, Strategieberatung Gesch\u00e4ftsleitung \u25a0 A. IT-Consulting: Ver\u00e4nderungsprozesse der Gesamtorganisation, Zielkl\u00e4rung im Senior Management, j\u00e4hrliches Review und Standortbestimmung, F\u00fchrungstrainings, Projekt- und Zeitmanagement \u25a0 A. Beteiligungsgesellschaft mbH: Ver\u00e4nderungsprozess&#8230;<\/p>\n","protected":false},"author":4,"featured_media":0,"parent":0,"menu_order":0,"comment_status":"closed","ping_status":"closed","template":"","meta":{"_vp_format_video_url":"","_vp_image_focal_point":[]},"translation":{"provider":"WPGlobus","version":"2.6.0","language":"en","enabled_languages":["de","en","fr"],"languages":{"de":{"title":true,"content":true,"excerpt":false},"en":{"title":false,"content":false,"excerpt":false},"fr":{"title":false,"content":false,"excerpt":false}}},"yoast_head":"<!-- This site is optimized with the Yoast SEO plugin v15.5 - https:\/\/yoast.com\/wordpress\/plugins\/seo\/ -->\n<meta name=\"robots\" content=\"index, follow, max-snippet:-1, max-image-preview:large, max-video-preview:-1\" \/>\n<link rel=\"canonical\" href=\"https:\/\/vimt.de\/referenzen-2\/\" \/>\n<meta property=\"og:locale\" content=\"en_US\" \/>\n<meta property=\"og:type\" content=\"article\" \/>\n<meta property=\"og:title\" content=\"Referenzen (Auswahl) - ViT\" \/>\n<meta property=\"og:description\" content=\"[vc_row css_animation=&#8221;&#8221; row_type=&#8221;row&#8221; use_row_as_full_screen_section=&#8221;no&#8221; type=&#8221;grid&#8221; angled_section=&#8221;no&#8221; text_align=&#8221;left&#8221; background_image_as_pattern=&#8221;without_pattern&#8221; z_index=&#8221;&#8221; css=&#8221;.vc_custom_1549527185908{margin-top: 100px !important;}&#8221;][vc_column][vc_column_text] Referenzen (Auswahl) \u25a0 A. Produzierende Industrie Ver\u00e4nderungsprozess F\u00fchrungs-Organisation, Strategieberatung Gesch\u00e4ftsleitung \u25a0 A. IT-Consulting: Ver\u00e4nderungsprozesse der Gesamtorganisation, Zielkl\u00e4rung im Senior Management, j\u00e4hrliches Review und Standortbestimmung, F\u00fchrungstrainings, Projekt- und Zeitmanagement \u25a0 A. Beteiligungsgesellschaft mbH: Ver\u00e4nderungsprozess...\" \/>\n<meta property=\"og:url\" content=\"https:\/\/vimt.de\/referenzen-2\/\" \/>\n<meta property=\"og:site_name\" content=\"ViT\" \/>\n<meta property=\"article:modified_time\" content=\"2019-02-07T08:13:39+00:00\" \/>\n<meta name=\"twitter:card\" content=\"summary_large_image\" \/>\n<meta name=\"twitter:label1\" content=\"Est. reading time\">\n\t<meta name=\"twitter:data1\" content=\"3 minutes\">\n<script type=\"application\/ld+json\" class=\"yoast-schema-graph\">{\"@context\":\"https:\/\/schema.org\",\"@graph\":[{\"@type\":\"WebSite\",\"@id\":\"https:\/\/vimt.de\/#website\",\"url\":\"https:\/\/vimt.de\/\",\"name\":\"ViT\",\"description\":\"\",\"potentialAction\":[{\"@type\":\"SearchAction\",\"target\":\"https:\/\/vimt.de\/?s={search_term_string}\",\"query-input\":\"required name=search_term_string\"}],\"inLanguage\":\"en-UK\"},{\"@type\":\"WebPage\",\"@id\":\"https:\/\/vimt.de\/referenzen-2\/#webpage\",\"url\":\"https:\/\/vimt.de\/referenzen-2\/\",\"name\":\"Referenzen (Auswahl) - ViT\",\"isPartOf\":{\"@id\":\"https:\/\/vimt.de\/#website\"},\"datePublished\":\"2019-02-02T15:33:42+00:00\",\"dateModified\":\"2019-02-07T08:13:39+00:00\",\"inLanguage\":\"en-UK\",\"potentialAction\":[{\"@type\":\"ReadAction\",\"target\":[\"https:\/\/vimt.de\/referenzen-2\/\"]}]}]}<\/script>\n<!-- \/ Yoast SEO plugin. -->","_links":{"self":[{"href":"https:\/\/vimt.de\/en\/wp-json\/wp\/v2\/pages\/16461"}],"collection":[{"href":"https:\/\/vimt.de\/en\/wp-json\/wp\/v2\/pages"}],"about":[{"href":"https:\/\/vimt.de\/en\/wp-json\/wp\/v2\/types\/page"}],"author":[{"embeddable":true,"href":"https:\/\/vimt.de\/en\/wp-json\/wp\/v2\/users\/4"}],"replies":[{"embeddable":true,"href":"https:\/\/vimt.de\/en\/wp-json\/wp\/v2\/comments?post=16461"}],"version-history":[{"count":27,"href":"https:\/\/vimt.de\/en\/wp-json\/wp\/v2\/pages\/16461\/revisions"}],"predecessor-version":[{"id":16611,"href":"https:\/\/vimt.de\/en\/wp-json\/wp\/v2\/pages\/16461\/revisions\/16611"}],"wp:attachment":[{"href":"https:\/\/vimt.de\/en\/wp-json\/wp\/v2\/media?parent=16461"}],"curies":[{"name":"wp","href":"https:\/\/api.w.org\/{rel}","templated":true}]}}