{"id":16574,"date":"2020-12-22T18:03:44","date_gmt":"2020-12-22T18:03:44","guid":{"rendered":"https:\/\/vimt.de\/?page_id=16574"},"modified":"2020-12-22T18:17:54","modified_gmt":"2020-12-22T18:17:54","slug":"leistungsspektrum-2","status":"publish","type":"page","link":"https:\/\/vimt.de\/en\/leistungsspektrum-2\/","title":{"rendered":"Leistungsspektrum (Auswahl)"},"content":{"rendered":"<p>[vc_row css_animation=&#8221;&#8221; row_type=&#8221;row&#8221; use_row_as_full_screen_section=&#8221;no&#8221; type=&#8221;grid&#8221; angled_section=&#8221;no&#8221; text_align=&#8221;left&#8221; background_image_as_pattern=&#8221;without_pattern&#8221; z_index=&#8221;&#8221; css=&#8221;.vc_custom_1549527196215{margin-top: 100px !important;}&#8221;][vc_column][vc_column_text]<\/p>\n<h2>Leistungsspektrum (Auswahl)<\/h2>\n<p>[\/vc_column_text][vc_empty_space height=&#8221;62px&#8221;][\/vc_column][\/vc_row][vc_row css_animation=&#8221;&#8221; row_type=&#8221;row&#8221; use_row_as_full_screen_section=&#8221;no&#8221; type=&#8221;full_width&#8221; angled_section=&#8221;no&#8221; text_align=&#8221;left&#8221; background_image_as_pattern=&#8221;without_pattern&#8221;][vc_column width=&#8221;1\/2&#8243;][vc_column_text]<span style=\"color: #993300;\">\u25a0<\/span> <strong>Systemische Anliegenkl\u00e4rung<\/strong>[\/vc_column_text][vc_column_text]Inhaltlich Kl\u00e4rung von Wunschvorstellungen\u00a0 und Erarbeitung weiterer Motive. Hier werden &#8211; eher im kleinen Kreis &#8211; Voraussetzungen f\u00fcr Messgr\u00f6\u00dfen und klare Zielvorgaben eines sp\u00e4teren Ver\u00e4nderungsprozesses erarbeitet.[\/vc_column_text][vc_separator type=&#8221;normal&#8221;][vc_column_text]<span style=\"color: #993300;\">\u25a0<\/span> <strong>Change management<br \/>\n<\/strong>[\/vc_column_text][vc_column_text]Die Gestaltung\/Architektur\/Durchf\u00fchrung von Prozessen zu den Themen &#8220;organisatorische Ver\u00e4nderung&#8221; oder &#8220;Akzeptanzmanagement&#8221;, vor allem im Hinblick auf die Vermeidung von Widerst\u00e4nden.[\/vc_column_text][vc_separator type=&#8221;normal&#8221;][vc_column_text]<span style=\"color: #993300;\">\u25a0<\/span> <strong>Mitarbeiterbefragungen<br \/>\n<\/strong>[\/vc_column_text][vc_column_text]Systematische und parit\u00e4tische Erfassung von Stimmungsbildern, Verbesserungsideen, L\u00f6sungshinweisen und von den Mitarbeitern gesehenen Effizienzreserven aus der Organisation, mit Hilfe von teilstrukturierten Interviews. Ausarbeitung annahmevertr\u00e4glicher, aber aussagekr\u00e4ftiger Ergebnispr\u00e4sentationen.[\/vc_column_text][vc_separator type=&#8221;normal&#8221;][vc_column_text]<span style=\"color: #993300;\">\u25a0<\/span> <strong>Moderation und Workshopdesign<br \/>\n<\/strong>[\/vc_column_text][vc_column_text]Inhaltliches Design komplexerer Workshops (typische Themen sind: Strategie, Innovation, laterale Konflikte, Optimierung, Gesch\u00e4ftsprozesse, Performance, Ver\u00e4nderungsbedarfe \u2026) und erfahrene Moderation auch in schwierigen Situationen.[\/vc_column_text][vc_separator type=&#8221;normal&#8221;][vc_column_text]<span style=\"color: #993300;\">\u25a0<\/span> <strong>Ausbildung<\/strong>[\/vc_column_text][vc_column_text]von internen Ver\u00e4nderungsmanagern.<\/p>\n<p>[\/vc_column_text][vc_empty_space height=&#8221;25px&#8221;][vc_separator type=&#8221;normal&#8221;][vc_column_text]<span style=\"color: #993300;\">\u25a0<\/span> <strong>Wissensbausteine<\/strong>[\/vc_column_text][vc_column_text]zu den Themen: Kreativit\u00e4t, Innovation, Zeit- und Priorit\u00e4tsmanagement, Veranstaltungsdesgin, Moderation, Pr\u00e4sentation, burn-out-Pr\u00e4vention u.v.m.<\/p>\n<p>[\/vc_column_text][\/vc_column][vc_column width=&#8221;1\/2&#8243;][vc_column_text]<span style=\"color: #993300;\">\u25a0<\/span> <strong>Schnittstellen- und Rollenkl\u00e4rung<\/strong>[\/vc_column_text][vc_column_text]Stellenzuschnitt, Zielklarheit und leistungsorientierte Entgeltdifferenzierung innerhalb organisatorischer Einheiten und zwischen Gesellschaften einer Unternehmensgruppe.[\/vc_column_text][vc_empty_space height=&#8221;25px&#8221;][vc_separator type=&#8221;normal&#8221;][vc_column_text]<span style=\"color: #993300;\">\u25a0<\/span> <strong>Strukturelle Gestaltung<br \/>\n<\/strong>[\/vc_column_text][vc_column_text]Partizipative Gestaltung arbeitsteiliger ablauf- und aufbauorganisatorischer Strukturen, B. Multiprojektmanagement-Umgebung, Userhelpdesk, PM-Office, Kundenmanagement, etc .[\/vc_column_text][vc_separator type=&#8221;normal&#8221;][vc_column_text]<span style=\"color: #993300;\">\u25a0<\/span> <strong>Teamarbeit<br \/>\n<\/strong>[\/vc_column_text][vc_column_text]Entwicklung der Kooperation in Arbeitsgruppen, St\u00e4rkung der Teamkommunikationskultur, Sensibilisierung f\u00fcr leistungsmindernde Faktoren in Arbeitsgruppen oder Teams.[\/vc_column_text][vc_empty_space height=&#8221;50px&#8221;][vc_separator type=&#8221;normal&#8221;][vc_column_text]<span style=\"color: #993300;\">\u25a0<\/span> <strong>Coaching von F\u00fchrungskr\u00e4ften und Projektleitern <\/strong>[\/vc_column_text][vc_column_text]Insbesondere zu Aspekten wirksamer Leitung unter kritischer Reflexion tradierter Arbeitsgewohnheiten, jedoch Beibehaltung wichtiger unternehmenskultureller Werte wie Performance, Vertrauen, Verbindlichkeit, Authentizit\u00e4t, gelungene Kommunikation, usw.[\/vc_column_text][vc_separator type=&#8221;normal&#8221;][vc_column_text]<span style=\"color: #993300;\">\u25a0<\/span> <strong>Sensibilisierung<\/strong>[\/vc_column_text][vc_column_text]von Projekt-Mitarbeitern f\u00fcr &#8220;klassische&#8221; Projektproblematiken (z. B. Linie vs. Projektleiter)<\/p>\n<p>[\/vc_column_text][vc_separator type=&#8221;normal&#8221;][vc_column_text]<span style=\"color: #993300;\">\u25a0<\/span> <strong>Dokumentation<\/strong>[\/vc_column_text][vc_column_text]Moderierte Erarbeitung von Wissenslandkarten, Dokumentationen, Wikis, Informationsmanagement und Pr\u00e4sentationsmaterial.<\/p>\n<p>[\/vc_column_text][\/vc_column][\/vc_row][vc_row css_animation=&#8221;&#8221; row_type=&#8221;row&#8221; use_row_as_full_screen_section=&#8221;no&#8221; type=&#8221;full_width&#8221; angled_section=&#8221;no&#8221; text_align=&#8221;left&#8221; background_image_as_pattern=&#8221;without_pattern&#8221;][vc_column][vc_empty_space height=&#8221;64px&#8221;][\/vc_column][\/vc_row][vc_row css_animation=&#8221;&#8221; row_type=&#8221;row&#8221; use_row_as_full_screen_section=&#8221;no&#8221; type=&#8221;full_width&#8221; angled_section=&#8221;no&#8221; text_align=&#8221;left&#8221; background_image_as_pattern=&#8221;without_pattern&#8221;][vc_column width=&#8221;1\/2&#8243;][\/vc_column][\/vc_row]<\/p>\n","protected":false},"excerpt":{"rendered":"<p>[vc_row css_animation=&#8221;&#8221; row_type=&#8221;row&#8221; use_row_as_full_screen_section=&#8221;no&#8221; type=&#8221;grid&#8221; angled_section=&#8221;no&#8221; text_align=&#8221;left&#8221; background_image_as_pattern=&#8221;without_pattern&#8221; z_index=&#8221;&#8221; css=&#8221;.vc_custom_1549527196215{margin-top: 100px !important;}&#8221;][vc_column][vc_column_text] Leistungsspektrum (Auswahl) [\/vc_column_text][vc_empty_space height=&#8221;62px&#8221;][\/vc_column][\/vc_row][vc_row css_animation=&#8221;&#8221; row_type=&#8221;row&#8221; use_row_as_full_screen_section=&#8221;no&#8221; type=&#8221;full_width&#8221; angled_section=&#8221;no&#8221; text_align=&#8221;left&#8221; background_image_as_pattern=&#8221;without_pattern&#8221;][vc_column width=&#8221;1\/2&#8243;][vc_column_text]\u25a0 Systemische Anliegenkl\u00e4rung[\/vc_column_text][vc_column_text]Inhaltlich Kl\u00e4rung von Wunschvorstellungen\u00a0 und Erarbeitung weiterer Motive. Hier werden &#8211; eher im kleinen Kreis &#8211; Voraussetzungen f\u00fcr Messgr\u00f6\u00dfen und&#8230;<\/p>\n","protected":false},"author":5,"featured_media":0,"parent":0,"menu_order":0,"comment_status":"closed","ping_status":"closed","template":"","meta":{"_vp_format_video_url":"","_vp_image_focal_point":[]},"translation":{"provider":"WPGlobus","version":"2.6.0","language":"en","enabled_languages":["de","en","fr"],"languages":{"de":{"title":true,"content":true,"excerpt":false},"en":{"title":false,"content":false,"excerpt":false},"fr":{"title":false,"content":false,"excerpt":false}}},"yoast_head":"<!-- This site is optimized with the Yoast SEO plugin v15.5 - https:\/\/yoast.com\/wordpress\/plugins\/seo\/ -->\n<meta name=\"robots\" content=\"index, follow, max-snippet:-1, max-image-preview:large, max-video-preview:-1\" \/>\n<link rel=\"canonical\" href=\"https:\/\/vimt.de\/leistungsspektrum-2\/\" \/>\n<meta property=\"og:locale\" content=\"en_US\" \/>\n<meta property=\"og:type\" content=\"article\" \/>\n<meta property=\"og:title\" content=\"Leistungsspektrum (Auswahl) - ViT\" \/>\n<meta property=\"og:description\" content=\"[vc_row css_animation=&#8221;&#8221; row_type=&#8221;row&#8221; use_row_as_full_screen_section=&#8221;no&#8221; type=&#8221;grid&#8221; angled_section=&#8221;no&#8221; text_align=&#8221;left&#8221; background_image_as_pattern=&#8221;without_pattern&#8221; z_index=&#8221;&#8221; css=&#8221;.vc_custom_1549527196215{margin-top: 100px !important;}&#8221;][vc_column][vc_column_text] Leistungsspektrum (Auswahl) [\/vc_column_text][vc_empty_space height=&#8221;62px&#8221;][\/vc_column][\/vc_row][vc_row css_animation=&#8221;&#8221; row_type=&#8221;row&#8221; use_row_as_full_screen_section=&#8221;no&#8221; type=&#8221;full_width&#8221; angled_section=&#8221;no&#8221; text_align=&#8221;left&#8221; background_image_as_pattern=&#8221;without_pattern&#8221;][vc_column width=&#8221;1\/2&#8243;][vc_column_text]\u25a0 Systemische Anliegenkl\u00e4rung[\/vc_column_text][vc_column_text]Inhaltlich Kl\u00e4rung von Wunschvorstellungen\u00a0 und Erarbeitung weiterer Motive. Hier werden &#8211; eher im kleinen Kreis &#8211; Voraussetzungen f\u00fcr Messgr\u00f6\u00dfen und...\" \/>\n<meta property=\"og:url\" content=\"https:\/\/vimt.de\/leistungsspektrum-2\/\" \/>\n<meta property=\"og:site_name\" content=\"ViT\" \/>\n<meta property=\"article:modified_time\" content=\"2020-12-22T18:17:54+00:00\" \/>\n<meta name=\"twitter:card\" content=\"summary_large_image\" \/>\n<meta name=\"twitter:label1\" content=\"Est. reading time\">\n\t<meta name=\"twitter:data1\" content=\"2 minutes\">\n<script type=\"application\/ld+json\" class=\"yoast-schema-graph\">{\"@context\":\"https:\/\/schema.org\",\"@graph\":[{\"@type\":\"WebSite\",\"@id\":\"https:\/\/vimt.de\/#website\",\"url\":\"https:\/\/vimt.de\/\",\"name\":\"ViT\",\"description\":\"\",\"potentialAction\":[{\"@type\":\"SearchAction\",\"target\":\"https:\/\/vimt.de\/?s={search_term_string}\",\"query-input\":\"required name=search_term_string\"}],\"inLanguage\":\"en-UK\"},{\"@type\":\"WebPage\",\"@id\":\"https:\/\/vimt.de\/leistungsspektrum-2\/#webpage\",\"url\":\"https:\/\/vimt.de\/leistungsspektrum-2\/\",\"name\":\"Leistungsspektrum (Auswahl) - ViT\",\"isPartOf\":{\"@id\":\"https:\/\/vimt.de\/#website\"},\"datePublished\":\"2020-12-22T18:03:44+00:00\",\"dateModified\":\"2020-12-22T18:17:54+00:00\",\"inLanguage\":\"en-UK\",\"potentialAction\":[{\"@type\":\"ReadAction\",\"target\":[\"https:\/\/vimt.de\/leistungsspektrum-2\/\"]}]}]}<\/script>\n<!-- \/ Yoast SEO plugin. -->","_links":{"self":[{"href":"https:\/\/vimt.de\/en\/wp-json\/wp\/v2\/pages\/16574"}],"collection":[{"href":"https:\/\/vimt.de\/en\/wp-json\/wp\/v2\/pages"}],"about":[{"href":"https:\/\/vimt.de\/en\/wp-json\/wp\/v2\/types\/page"}],"author":[{"embeddable":true,"href":"https:\/\/vimt.de\/en\/wp-json\/wp\/v2\/users\/5"}],"replies":[{"embeddable":true,"href":"https:\/\/vimt.de\/en\/wp-json\/wp\/v2\/comments?post=16574"}],"version-history":[{"count":1,"href":"https:\/\/vimt.de\/en\/wp-json\/wp\/v2\/pages\/16574\/revisions"}],"predecessor-version":[{"id":16575,"href":"https:\/\/vimt.de\/en\/wp-json\/wp\/v2\/pages\/16574\/revisions\/16575"}],"wp:attachment":[{"href":"https:\/\/vimt.de\/en\/wp-json\/wp\/v2\/media?parent=16574"}],"curies":[{"name":"wp","href":"https:\/\/api.w.org\/{rel}","templated":true}]}}