{"id":364,"date":"2018-05-23T11:08:25","date_gmt":"2018-05-23T11:08:25","guid":{"rendered":"http:\/\/xn--vernderung-it-dfb.de\/?page_id=364"},"modified":"2019-01-31T08:54:18","modified_gmt":"2019-01-31T08:54:18","slug":"datenschutz","status":"publish","type":"page","link":"https:\/\/vimt.de\/en\/datenschutz\/","title":{"rendered":"Datenschutzerkl\u00e4rung: Ver\u00e4nderung im Team GmbH"},"content":{"rendered":"<p dir=\"ltr\" align=\"justify\">F\u00fcr uns ist der Schutz Ihrer Daten sehr wichtig. Mit dieser Datenschutzbestimmung m\u00f6chten wir Ihnen zeigen, wie Ver\u00e4nderung im Team GmbH mit Ihren pers\u00f6nlichen Daten, die Sie durch den Besuch unserer Web Site an uns weitergeleitet haben, umgeht. Wie wir diese speichern, nutzen und sch\u00fctzen.<br \/>\nHinweis:<br \/>\nWir verwenden auf unseren Websites keine &#8220;Cookies&#8221; um Informationen \u00fcber Ihr Surfverhalten zu erlangen.<br \/>\nDie Ver\u00e4nderung im Team GmbH behandelt ihre \u00fcberlassenen Daten streng vertraulich und sch\u00fctzt die Interessen der Nutzer. Pers\u00f6nliche Daten werden weder an Dritte verkauft noch weitergegeben. Wir bem\u00fchen uns, die Datenbanken mit allen sinnvollen Mitteln vor fremden Zugriffen, Verlusten, Missbrauch oder vor F\u00e4lschung zu sch\u00fctzen.<\/p>\n<p dir=\"ltr\" align=\"justify\"><strong>Nutzungsdaten<\/strong><\/p>\n<p>Grunds\u00e4tzlich k\u00f6nnen Sie unsere Internetseiten aufrufen, ohne Angaben zu Ihrer Person machen zu m\u00fcssen. Beim Besuch registrieren unsere Webserver unpers\u00f6nliche Nutzungsdaten. Die Logfiles geben Auskunft \u00fcber Ihre IP-Adresse, die zuletzt besuchte Seite, den verwendeten Browser, Datum, Uhrzeit und die angeforderte Datei. Wir werten diese anonymen Daten hausintern aus, um Trends zu erkennen, Statistiken zu erstellen und unser Online-Angebot zu verbessern. Gleichzeitig achten wir streng darauf, dass Nutzungsdaten nicht mit pers\u00f6nlichen Daten verkn\u00fcpft werden.<\/p>\n<p dir=\"ltr\" align=\"justify\"><strong>Auskunft \u00fcber gespeicherte Daten<\/strong><\/p>\n<p>Gem\u00e4\u00df Bundesdatenschutzgesetz k\u00f6nnen Sie dar\u00fcber Auskunft verlangen, welche Daten wir \u00fcber Sie gespeichert haben. Selbstverst\u00e4ndlich ist diese Auskunft kostenlos. Falls Sie Ihre Daten vervollst\u00e4ndigen oder \u00e4ndern m\u00f6chten, k\u00f6nnen Sie sich gerne bei uns melden. Auch haben Sie das Recht, falsche Angaben zu berichtigen. Damit diese Auskunft nicht an fremde Personen gelangt, ist sie schriftlich sowie unter Beilegung einer Ausweiskopie der betroffenen Person anzufordern.<\/p>\n<p dir=\"ltr\" align=\"justify\"><strong>Kinder und Jugendliche<br \/>\n<\/strong><br \/>\nWir verwenden keine pers\u00f6nlichen Daten von Personen unter 18 Jahren.<\/p>\n<p><strong>Google Web Fonts<\/strong><\/p>\n<p>Diese Seite nutzt zur einheitlichen Darstellung von Schriftarten so genannte Web Fonts, die von Google bereitgestellt werden. Beim Aufruf einer Seite l\u00e4dt Ihr Browser die ben\u00f6tigten Web Fonts in ihren Browsercache, um Texte und Schriftarten korrekt anzuzeigen.<\/p>\n<p>Zu diesem Zweck muss der von Ihnen verwendete Browser Verbindung zu den Servern von Google aufnehmen. Hierdurch erlangt Google Kenntnis dar\u00fcber, dass \u00fcber Ihre IP-Adresse unsere Website aufgerufen wurde. Die Nutzung von Google Web Fonts erfolgt im Interesse einer einheitlichen und ansprechenden Darstellung unserer Online-Angebote. Dies stellt ein berechtigtes Interesse im Sinne von Art. 6 Abs. 1 lit. f DSGVO dar.<\/p>\n<p>Wenn Ihr Browser Web Fonts nicht unterst\u00fctzt, wird eine Standardschrift von Ihrem Computer genutzt.<\/p>\n<p>Weitere Informationen zu Google Web Fonts finden Sie unter\u00a0<a href=\"https:\/\/developers.google.com\/fonts\/faq\" rel=\"noopener\">https:\/\/developers.google.com\/fonts\/faq<\/a>\u00a0und in der Datenschutzerkl\u00e4rung von Google:\u00a0<a href=\"https:\/\/www.google.com\/policies\/privacy\/\" rel=\"noopener\">https:\/\/www.google.com\/policies\/privacy\/<\/a>.<\/p>\n<p><strong>Google Maps<\/strong><\/p>\n<p>Diese Seite nutzt \u00fcber eine API den Kartendienst Google Maps. Anbieter ist die Google Inc., 1600 Amphitheatre Parkway, Mountain View, CA 94043, USA.<\/p>\n<p>Zur Nutzung der Funktionen von Google Maps ist es notwendig, Ihre IP Adresse zu speichern. Diese Informationen werden in der Regel an einen Server von Google in den USA \u00fcbertragen und dort gespeichert. Der Anbieter dieser Seite hat keinen Einfluss auf diese Daten\u00fcbertragung.<\/p>\n<p>Die Nutzung von Google Maps erfolgt im Interesse einer ansprechenden Darstellung unserer Online-Angebote und an einer leichten Auffindbarkeit der von uns auf der Website angegebenen Orte. Dies stellt ein berechtigtes Interesse im Sinne von Art. 6 Abs. 1 lit. f DSGVO dar.<\/p>\n<p>Mehr Informationen zum Umgang mit Nutzerdaten finden Sie in der Datenschutzerkl\u00e4rung von Google:\u00a0<a href=\"https:\/\/www.google.de\/intl\/de\/policies\/privacy\/\" rel=\"noopener\">https:\/\/www.google.de\/intl\/de\/policies\/privacy\/<\/a>.<\/p>\n<p>&nbsp;<\/p>\n<p><em>Quellenangaben:\u00a0<\/em>Dieses Impressum wurde unter Zuhilfenahme von\u00a0<a href=\"http:\/\/www.e-recht24.de\/impressum-generator.html\" rel=\"nofollow\">http:\/\/www.e-recht24.de<\/a>\u00a0erstellt.<\/p>\n","protected":false},"excerpt":{"rendered":"<p>F\u00fcr uns ist der Schutz Ihrer Daten sehr wichtig. Mit dieser Datenschutzbestimmung m\u00f6chten wir Ihnen zeigen, wie Ver\u00e4nderung im Team GmbH mit Ihren pers\u00f6nlichen Daten, die Sie durch den Besuch unserer Web Site an uns weitergeleitet haben, umgeht. Wie wir diese speichern, nutzen und sch\u00fctzen&#8230;.<\/p>\n","protected":false},"author":4,"featured_media":0,"parent":0,"menu_order":0,"comment_status":"closed","ping_status":"closed","template":"","meta":{"_vp_format_video_url":"","_vp_image_focal_point":[]},"translation":{"provider":"WPGlobus","version":"2.6.0","language":"en","enabled_languages":["de","en","fr"],"languages":{"de":{"title":true,"content":true,"excerpt":false},"en":{"title":false,"content":false,"excerpt":false},"fr":{"title":false,"content":false,"excerpt":false}}},"yoast_head":"<!-- This site is optimized with the Yoast SEO plugin v15.5 - https:\/\/yoast.com\/wordpress\/plugins\/seo\/ -->\n<meta name=\"robots\" content=\"index, follow, max-snippet:-1, max-image-preview:large, max-video-preview:-1\" \/>\n<link rel=\"canonical\" href=\"https:\/\/vimt.de\/datenschutz\/\" \/>\n<meta property=\"og:locale\" content=\"en_US\" \/>\n<meta property=\"og:type\" content=\"article\" \/>\n<meta property=\"og:title\" content=\"Datenschutzerkl\u00e4rung: Ver\u00e4nderung im Team GmbH - ViT\" \/>\n<meta property=\"og:description\" content=\"F\u00fcr uns ist der Schutz Ihrer Daten sehr wichtig. Mit dieser Datenschutzbestimmung m\u00f6chten wir Ihnen zeigen, wie Ver\u00e4nderung im Team GmbH mit Ihren pers\u00f6nlichen Daten, die Sie durch den Besuch unserer Web Site an uns weitergeleitet haben, umgeht. Wie wir diese speichern, nutzen und sch\u00fctzen....\" \/>\n<meta property=\"og:url\" content=\"https:\/\/vimt.de\/datenschutz\/\" \/>\n<meta property=\"og:site_name\" content=\"ViT\" \/>\n<meta property=\"article:modified_time\" content=\"2019-01-31T08:54:18+00:00\" \/>\n<meta name=\"twitter:card\" content=\"summary_large_image\" \/>\n<meta name=\"twitter:label1\" content=\"Est. reading time\">\n\t<meta name=\"twitter:data1\" content=\"2 minutes\">\n<script type=\"application\/ld+json\" class=\"yoast-schema-graph\">{\"@context\":\"https:\/\/schema.org\",\"@graph\":[{\"@type\":\"WebSite\",\"@id\":\"https:\/\/vimt.de\/#website\",\"url\":\"https:\/\/vimt.de\/\",\"name\":\"ViT\",\"description\":\"\",\"potentialAction\":[{\"@type\":\"SearchAction\",\"target\":\"https:\/\/vimt.de\/?s={search_term_string}\",\"query-input\":\"required name=search_term_string\"}],\"inLanguage\":\"en-UK\"},{\"@type\":\"WebPage\",\"@id\":\"https:\/\/vimt.de\/datenschutz\/#webpage\",\"url\":\"https:\/\/vimt.de\/datenschutz\/\",\"name\":\"Datenschutzerkl\\u00e4rung: Ver\\u00e4nderung im Team GmbH - ViT\",\"isPartOf\":{\"@id\":\"https:\/\/vimt.de\/#website\"},\"datePublished\":\"2018-05-23T11:08:25+00:00\",\"dateModified\":\"2019-01-31T08:54:18+00:00\",\"inLanguage\":\"en-UK\",\"potentialAction\":[{\"@type\":\"ReadAction\",\"target\":[\"https:\/\/vimt.de\/datenschutz\/\"]}]}]}<\/script>\n<!-- \/ Yoast SEO plugin. -->","_links":{"self":[{"href":"https:\/\/vimt.de\/en\/wp-json\/wp\/v2\/pages\/364"}],"collection":[{"href":"https:\/\/vimt.de\/en\/wp-json\/wp\/v2\/pages"}],"about":[{"href":"https:\/\/vimt.de\/en\/wp-json\/wp\/v2\/types\/page"}],"author":[{"embeddable":true,"href":"https:\/\/vimt.de\/en\/wp-json\/wp\/v2\/users\/4"}],"replies":[{"embeddable":true,"href":"https:\/\/vimt.de\/en\/wp-json\/wp\/v2\/comments?post=364"}],"version-history":[{"count":6,"href":"https:\/\/vimt.de\/en\/wp-json\/wp\/v2\/pages\/364\/revisions"}],"predecessor-version":[{"id":16420,"href":"https:\/\/vimt.de\/en\/wp-json\/wp\/v2\/pages\/364\/revisions\/16420"}],"wp:attachment":[{"href":"https:\/\/vimt.de\/en\/wp-json\/wp\/v2\/media?parent=364"}],"curies":[{"name":"wp","href":"https:\/\/api.w.org\/{rel}","templated":true}]}}